{"id":4054,"date":"2018-05-02T13:06:34","date_gmt":"2018-05-02T10:06:34","guid":{"rendered":"http:\/\/www.crossactionkonya.com\/wp\/?page_id=4054"},"modified":"2020-03-15T20:33:41","modified_gmt":"2020-03-15T17:33:41","slug":"neden-crossgym","status":"publish","type":"page","link":"http:\/\/crossgymacademy.com\/tr\/neden-crossgym\/","title":{"rendered":"Neden Cross GYM Academy &#038; Kids ?"},"content":{"rendered":"<section id=\"bt_section69e75b1e7f926\"  class=\"boldSection topLargeSpaced bottomSpaced gutter inherit\" ><div class=\"port\"><div class=\"boldCell\"><div class=\"boldCellInner\"><div class=\"boldRow \" ><div class=\"boldRowInner\"><div class=\"rowItem col-md-9 col-ms-12  btTextLeft animate animate-fadein inherit\"  data-width=\"9\"><div class=\"rowItemContent\" ><header class=\"header btClear large  btHeaderAccent3\" ><div class=\"btSuperTitle\"><span>NEDEN CROSS GYM ACADEMY &amp; KIDS ?<\/span><\/div><div class=\"dash\"><h2><span class=\"headline\">NEDEN B\u0130ZE KATILMALISINIZ ?<\/span><\/h2><\/div><div class=\"btSubTitle\">KONYA\u2019da \u00c7ocuk spor ve e\u011flence alan\u0131nda markala\u015fma yolunday\u0131z. Merkezimizde uzman kadrolar\u0131m\u0131zca ya\u015f gruplar\u0131na uygun olarak haz\u0131rlanm\u0131\u015f benzersiz Cross Gym Kids programlar\u0131 yap\u0131lmaktad\u0131r. En son teknoloji takip edilerek \u00f6zel olarak tasarlanm\u0131\u015f zengin ekipmanlara sahiptir. Sevgi dolu, enerjik, konusunda uzman ve kurumsal Cross Gym Kids e\u011fitimini ba\u015far\u0131 ile tamamlam\u0131\u015f e\u011fitmenler kadrosuna sahiptir. \u00c7ocuklar\u0131n ilgi ve heyecan\u0131n\u0131 daima canl\u0131 tutmak i\u00e7in her hafta de\u011fi\u015fen ekpiman kurulumu spor salonu d\u00fczeni ve ders program\u0131 i\u00e7eri\u011fi mevcuttur. Sosyalle\u015fme, \u00f6zde\u011ferlilik, \u00f6zg\u00fcven ve ba\u015farma duygusunun en sa\u011fl\u0131kl\u0131 \u015fekilde ya\u015fanabilece\u011fi \u00e7ocuklar aras\u0131nda rekabetin olmad\u0131\u011f\u0131 bir ortam sunulmaktad\u0131r. Benzerlerinden \u00e7ok farkl\u0131 olarak M\u00fckemmel \u00d6\u011fretmen\/\u00d6\u011frenci oranlar\u0131 ile hizmet vermektedir. Cross Gym Kids g\u00fcvenlik ve temizlik standartlar\u0131 benzerlerinin \u00fczerinde hizmet vermektedir.<\/div><\/header><\/div><\/div><div class=\"rowItem col-md-3 col-sm-6 col-ms-12 btTextLeft\"  data-width=\"3\"><div class=\"rowItemContent\" ><\/div><\/div><\/div><\/div><\/div><\/div><\/div><\/section><section id=\"bt_section69e75b1e7fcca\"  class=\"boldSection gutter\" ><div class=\"port\"><div class=\"boldCell\"><div class=\"boldCellInner\"><div class=\"boldRow \" ><div class=\"boldRowInner\"><div class=\"rowItem col-md-12 col-ms-12  btTextLeft\"  data-width=\"12\"><div class=\"rowItemContent\" ><header class=\"header btClear large\" ><div class=\"dash\"><h2><span class=\"headline\">Cross GYM Academy &amp; Kids<\/span><\/h2><\/div><\/header><div class=\"btClear btSeparator topSmallSpaced bottomSmallSpaced noBorder\" ><hr><\/div><div class=\"btTabs tabsHorizontal\"><ul class=\"tabsHeader\"><li><span>Misyon ve Vizyon<\/span><\/li><li><span>Ba\u015far\u0131 Politikam\u0131z<\/span><\/li><li><span>Cross GYM Academy Kimdir ?<\/span><\/li><li><span>Cross GYM Kids Kimdir ?<\/span><\/li><\/ul><div class=\"tabPanes tabPanesTabs\"><div class=\"tabPane\">\n\t\t\t<div class=\"tabAccordionContent\"><div class=\"btText\" ><p>Bir \u00e7ocu\u011fun fiziksel geli\u015fimi onun gelecekteki mutlulu\u011funda \u00f6nemli bir rol oynar. Cross GYM Academy &amp; Kids\u2019in misyonu \u00e7ocuklar\u0131n ileride sa\u011fl\u0131kl\u0131 birer yeti\u015fkin olabilmeleri i\u00e7in gerekli olan beceri ve g\u00fcven kazanmalar\u0131na yard\u0131mc\u0131 olarak, \u00e7ocuklar\u0131 harekete ge\u00e7iren imkan, program ve hizmetleri yaratmakt\u0131r.<\/p>\n<p>Cross GYM Academy &amp; Kids \u2018in amac\u0131 \u00e7ocuklara fiziksel faaliyetleri bir ya\u015fam tarz\u0131 olarak a\u015f\u0131lamakt\u0131r. Cross GYM Academy &amp; Kids program\u0131ndan elde edilen faydalar fiziksel olman\u0131n da \u00f6tesindedir.<\/p>\n<p>Fiziksel bir g\u00f6revi elde etmekten gelen ba\u015far\u0131n\u0131n heyecan\u0131, \u00e7ocu\u011fun hayat\u0131n\u0131n her y\u00f6n\u00fcne aktar\u0131lan bir \u00f6z de\u011ferlilik ve g\u00fcven in\u015fa etmektir.<\/p>\n<\/div><div class=\"btClear btSeparator topSpaced bottomSmallSpaced noBorder\" ><hr><\/div><\/div>\n\t\t<\/div><div class=\"tabPane\">\n\t\t\t<div class=\"tabAccordionContent\"><div class=\"btText\" ><ul>\n<li>\u00a0\u00a0\u00a0 M\u00fc\u015fterilerin hizmet beklentilerini ,en y\u00fcksek d\u00fczeyde kar\u015f\u0131lamak<\/li>\n<li>\u00a0\u00a0\u00a0 Kendi faaliyet alan\u0131nda kaliteyi, yenilikleri, geli\u015fmeleri takip ederek ,uygulamak<\/li>\n<li>\u00a0\u00a0\u00a0 Kalite bilincini yerle\u015ftirmek i\u00e7in \u00e7al\u0131\u015fanlar\u0131 s\u00fcrekli e\u011fitmek ve geli\u015fmelerini sa\u011flamak<\/li>\n<li>\u00a0\u00a0\u00a0 \u00c7al\u0131\u015fanlara daha iyi ko\u015fullar sa\u011flayarak \u00e7al\u0131\u015fanlar\u0131n memnuniyetini artt\u0131rmak.<\/li>\n<li>\u00a0\u00a0\u00a0 Hizmet kalitemiz<\/li>\n<li>\u00a0\u00a0\u00a0 M\u00fc\u015fterilerimizin memnuniyeti<\/li>\n<li>\u00a0\u00a0\u00a0 \u00c7al\u0131\u015fanlar\u0131m\u0131z\u0131n memnuniyeti<\/li>\n<li>\u00a0\u00a0\u00a0 Kalite bilincimiz<\/li>\n<li>\u00a0\u00a0\u00a0 G\u00fc\u00e7l\u00fc ,dinamik,deneyimli,tecr\u00fcbeli yap\u0131m\u0131z<\/li>\n<li>\u00a0\u00a0\u00a0 S\u00fcrekli iyile\u015ftirme ve geli\u015fim prensibimiz.<\/li>\n<\/ul>\n<\/div><div class=\"btClear btSeparator topSpaced bottomSmallSpaced noBorder\" ><hr><\/div><\/div>\n\t\t<\/div><div class=\"tabPane\">\n\t\t\t<div class=\"tabAccordionContent\"><div class=\"btText\" ><p>Salonumuz 550 m2 alan \u00fczerine kurulu olup tamam\u0131 Technogym ekipmanlara sahiptir. Cross GYM Academy Cardio, egzersiz, Serbest a\u011f\u0131rl\u0131k, Crossfit, Yoga, Pilates, Zumba,kick box,muay thai, box, karete, fitness, v\u00fccut geli\u015ftirme, mat pilates, Reformer, EMS,step-aerobic, PT, tenis,yoga, masaj, antreman takip, \u00f6zel egzersiz program\u0131, \u00f6zel ve grup dersleri ve spinning gibi \u00e7e\u015fitli grup ve \u00f6zel derslerin yap\u0131ld\u0131\u011f\u0131 programlar bulunmaktad\u0131r.<\/p>\n<p>Erkek ve kad\u0131n ayr\u0131 olmak \u00fczere 12 \u015fer adet dolap ve size \u00f6zel du\u015fluklardan olu\u015fan soyunma odalar\u0131 bulunmaktad\u0131r. G\u00fcn\u00fcn yorgunlu\u011funu atabilece\u011finiz bayanlara ve \u00e7ocuklara \u00f6zel masaj odalar\u0131m\u0131zda ve sonras\u0131nda b\u00fct\u00fcn \u00fcyelerimizin keyifle vakit ge\u00e7irebilece\u011finiz vitamin kafemiz ve \u015f\u00f6mineli k\u0131\u015f bah\u00e7emizle sizin i\u00e7in hizmet sunmaktay\u0131z.<\/p>\n<p>Her biri konusunda uzman personeli, bulundu\u011fu konum itibariyle \u015fehrin tam zirvesinde ve e\u015fine ender rastlanacak konforuyla Cross GYM Academy sizlere sa\u011fl\u0131kl\u0131 bir ya\u015fam i\u00e7in kaliteli bir olanak sa\u011fl\u0131yor.<\/p>\n<p>Daha sa\u011fl\u0131kl\u0131 ve kaliteli bir hayat\u0131, ki\u015filere birlik i\u00e7erisinde sa\u011flamak, bir araya gelerek ve getirerek olu\u015fturdu\u011fumuz imkanlar ile birlikte spor sevgisi, spor bilinci ve spor yapma al\u0131\u015fkanl\u0131\u011f\u0131n\u0131 yayg\u0131nla\u015ft\u0131rmay\u0131 sa\u011flamaktay\u0131z.<\/p>\n<p>Yapt\u0131\u011f\u0131m\u0131z aktivitelerle birlikte, ki\u015filerin beden, zihin ruh ve buna ba\u011fl\u0131 duygu, dengeli ve sa\u011fl\u0131kl\u0131 bir \u015fekilde olu\u015fmu\u015f fiziksel geli\u015fimini artt\u0131ran bir kurum olmay\u0131 hedeflemekteyiz.<\/p>\n<\/div><div class=\"btClear btSeparator topSpaced bottomSmallSpaced noBorder\" ><hr><\/div><\/div>\n\t\t<\/div><div class=\"tabPane\">\n\t\t\t<div class=\"tabAccordionContent\"><div class=\"btText\" ><p>Cross GYM Kids KONYA\u2019da hizmet vermektedir. Sporu e\u011flenceye d\u00f6n\u00fc\u015ft\u00fcrerek \u00e7ocuklar\u0131n bedensel ve ruhsal geli\u015fimlerine destek olan Cross GYM Kids, geli\u015ftirdi\u011fi benzersiz programlar\u0131 ve toplumsal g\u00f6n\u00fcll\u00fcl\u00fck projeleri ile velilerin be\u011fenisini alm\u0131\u015ft\u0131r.Cross GYM Kids 2,5 ya\u015f\u2019 tan ba\u015flayarak 13 ya\u015fa kadar olan \u00e7ocuklar\u0131n fiziksel, bili\u015fsel ve duygusal geli\u015fimlerine yard\u0131mc\u0131 olmak i\u00e7in s\u0131ra d\u0131\u015f\u0131 bir program yaratm\u0131\u015ft\u0131r. Cross GYM Kids yenilik\u00e7i beceri kazand\u0131rma y\u00f6ntemleriyle sa\u011fl\u0131kl\u0131 ya\u015fam\u0131 \u00e7ocuklar i\u00e7in heyecan verici hale getirerek bu sahada \u00f6nc\u00fcl\u00fck etmektedir.<\/p>\n<p>Cross GYM Kids\u2019in en son teknolojiyi takip eden tesisi, \u00e7ocuklara yeni ve heyecan verici bir tecr\u00fcbe ya\u015fatmak i\u00e7in her hafta farkl\u0131 programla de\u011fi\u015ftirilen \u00f6zel tasar\u0131ml\u0131 ekipmanlara sahiptir. E\u011flence, \u00e7e\u015fitlilik ve heyecan \u00e7ocuklar\u0131 motive etmede kritik \u00f6\u011felerdir ve Cross GYM Kids s\u00fcrekli de\u011fi\u015fen ekipman ve spor salonu d\u00fczeni ile ilgi seviyesini y\u00fcksek tutmaktad\u0131r. Cross GYM Kids \u00f6\u011frencileri her geldiklerinde ayr\u0131 bir deneyim ya\u015farlar ve bundan da \u00e7ok mutlular.<\/p>\n<p>Cross Gym \u00a0KIDS \u00e7ocuklara g\u00fc\u00e7, denge, koordinasyon, \u00e7eviklik, esneklik ve sosyal beceri kazand\u0131r\u0131rken ayn\u0131 zamanda \u00e7ok e\u011flenceli vakit ge\u00e7irmelerini de sa\u011flar. Fiziksel faaliyete do\u011fru y\u00f6nelim ilk ya\u015flarda olu\u015fmaya ba\u015flar.<\/p>\n<p>Bunlarla birlikte Cross GYM Kids \u00e7ocuklara sundu\u011fu en b\u00fcy\u00fck fayda \u00e7ocuklar\u0131n \u00f6zg\u00fcven ve \u00f6z sayg\u0131s\u0131n\u0131 geli\u015ftirmesidir. \u00c7ocuklara anlay\u0131\u015fla yakla\u015farak, destekleyici olan\u00a0 bunun yan\u0131nda rekabet\u00e7i olmayan bir atmosfer sa\u011flan\u0131r. Benzersiz ders programlar\u0131m\u0131z her \u00e7ocu\u011fun ba\u015far\u0131l\u0131 olmas\u0131 \u00fczerine form\u00fcle edilmi\u015ftir.<\/p>\n<\/div><div class=\"btClear btSeparator topSpaced bottomSmallSpaced noBorder\" ><hr><\/div><\/div>\n\t\t<\/div><\/div><\/div><\/div><\/div><\/div><\/div><\/div><\/div><\/div><\/section>","protected":false},"excerpt":{"rendered":"","protected":false},"author":1,"featured_media":3898,"parent":0,"menu_order":0,"comment_status":"closed","ping_status":"closed","template":"","meta":[],"_links":{"self":[{"href":"http:\/\/crossgymacademy.com\/tr\/wp-json\/wp\/v2\/pages\/4054"}],"collection":[{"href":"http:\/\/crossgymacademy.com\/tr\/wp-json\/wp\/v2\/pages"}],"about":[{"href":"http:\/\/crossgymacademy.com\/tr\/wp-json\/wp\/v2\/types\/page"}],"author":[{"embeddable":true,"href":"http:\/\/crossgymacademy.com\/tr\/wp-json\/wp\/v2\/users\/1"}],"replies":[{"embeddable":true,"href":"http:\/\/crossgymacademy.com\/tr\/wp-json\/wp\/v2\/comments?post=4054"}],"version-history":[{"count":8,"href":"http:\/\/crossgymacademy.com\/tr\/wp-json\/wp\/v2\/pages\/4054\/revisions"}],"predecessor-version":[{"id":5241,"href":"http:\/\/crossgymacademy.com\/tr\/wp-json\/wp\/v2\/pages\/4054\/revisions\/5241"}],"wp:featuredmedia":[{"embeddable":true,"href":"http:\/\/crossgymacademy.com\/tr\/wp-json\/wp\/v2\/media\/3898"}],"wp:attachment":[{"href":"http:\/\/crossgymacademy.com\/tr\/wp-json\/wp\/v2\/media?parent=4054"}],"curies":[{"name":"wp","href":"https:\/\/api.w.org\/{rel}","templated":true}]}}