{"id":5250,"date":"2020-03-16T14:04:39","date_gmt":"2020-03-16T11:04:39","guid":{"rendered":"http:\/\/crossgymacademy.com\/tr\/?page_id=5250"},"modified":"2020-03-17T23:06:42","modified_gmt":"2020-03-17T20:06:42","slug":"ahsap-atolyesi","status":"publish","type":"page","link":"http:\/\/crossgymacademy.com\/tr\/ahsap-atolyesi\/","title":{"rendered":"Ah\u015fap At\u00f6lyesi"},"content":{"rendered":"<section id=\"bt_section69e73536e8813\"  class=\"boldSection bottomLargeSpaced gutter inherit\" ><div class=\"port\"><div class=\"boldCell\"><div class=\"boldCellInner\"><div class=\"boldRow \" ><div class=\"boldRowInner\"><div class=\"rowItem col-md-12 col-ms-12  btTextLeft animate animate-fadein inherit\"  data-width=\"12\"><div class=\"rowItemContent\" ><header class=\"header btClear extralarge  btHeaderAccent1\" ><div class=\"btSuperTitle\"><span>CROSS GYM ACADEMY &amp; KIDS FAYDALARI<\/span><\/div><div class=\"dash\"><\/div><div class=\"btSubTitle\">Salonumuz 550 m2 alan \u00fczerine kurulu olup tamam\u0131 Technogym ekipmanlara sahiptir. Cross GYM Academy Cardio, egzersiz, Serbest a\u011f\u0131rl\u0131k, Crossfit, Yoga, Pilates, Zumba,kick box,muay thai, box, karete, fitness, v\u00fccut geli\u015ftirme, mat pilates, Reformer, EMS,step-aerobic, PT, tenis,yoga, masaj, antreman takip, \u00f6zel egzersiz program\u0131, \u00f6zel ve grup dersleri ve Spinning gibi \u00e7e\u015fitli grup ve \u00f6zel derslerin yap\u0131ld\u0131\u011f\u0131 programlar bulunmaktad\u0131r.<\/div><\/header><div class=\"btClear btSeparator bottomSemiSpaced border\" ><hr><\/div><\/div><\/div><\/div><\/div><div class=\"boldRow \" ><div class=\"boldRowInner\"><div class=\"rowItem col-md-6 col-sm-12 btTextLeft animate animate-fadein inherit\"  data-width=\"6\"><div class=\"rowItemContent\" ><div class=\"btText\" ><p>Ah\u015fap At\u00f6lyesi E\u011fitim; Z ku\u015fa\u011f\u0131 dedi\u011fimiz \u00f6\u011frencilerimizin\/\u00e7ocuklar\u0131m\u0131z\u0131n, h\u0131z ve analitik d\u00fc\u015f\u00fcnme y\u00f6ntemleri \u00fcst d\u00fczeydedir. Fakat bu \u00f6zellikler bireysellikten \u00f6teye ge\u00e7emez. At\u00f6lye \u00e7al\u0131\u015fmalar\u0131 \u00f6\u011frencinin ekip halinde, planl\u0131 \u00e7al\u0131\u015fmas\u0131na katk\u0131 sa\u011flarken el becerilerini geli\u015ftirir.<\/p>\n<p>Teknolojinin kulland\u0131\u011f\u0131 birey olmaktan \u00e7\u0131kar, teknolojiyi kullanan \u00fcretken birey haline d\u00f6n\u00fc\u015f\u00fcr. Do\u011fall\u0131\u011f\u0131, esnekli\u011fi, \u00e7evreci, i\u015flenir ve ula\u015f\u0131labilir olmas\u0131 ah\u015fab\u0131 insana yak\u0131n ve s\u0131cak bir malzeme yapmaktad\u0131r.<\/p>\n<\/div><div class=\"btClear btSeparator topSemiSpaced noBorder\" ><hr><\/div><\/div><\/div><div class=\"rowItem col-md-6 col-sm-12 btTextLeft animate animate-fadein inherit\"  data-width=\"6\"><div class=\"rowItemContent\" ><div class=\"bpgPhoto \" ><div class=\"btImage\"><img src=\"http:\/\/crossgymacademy.com\/tr\/wp-content\/uploads\/2020\/03\/ahsap-640x480.jpg\" alt=\"\" title=\"\"><\/div><\/div><div class=\"btClear btSeparator topSemiSpaced noBorder\" ><hr><\/div><div class=\"btClear btSeparator topSemiSpaced noBorder\" ><hr><\/div><\/div><\/div><\/div><\/div><div class=\"boldRow \" ><div class=\"boldRowInner\"><div class=\"rowItem col-md-12 col-ms-12  btTextLeft animate animate-fadein inherit\"  data-width=\"12\"><div class=\"rowItemContent\" ><div class=\"btClear btSeparator bottomSemiSpaced border\" ><hr><\/div><\/div><\/div><\/div><\/div><div class=\"boldRow \" ><div class=\"boldRowInner\"><div class=\"rowItem col-md-12 col-ms-12  btTextLeft animate animate-fadein inherit\"  data-width=\"12\"><div class=\"rowItemContent\" ><div class=\"btClear btSeparator topSmallSpaced bottomSmallSpaced noBorder\" ><hr><\/div><div class=\"servicesItem  btServicesAccent2 btIcoLargeSizeIcon \"><div class=\"sIcon\"><span class=\"btIco btIcoLargeSize btIcoDefaultType btAccent2Icon\"><span  data-ico-kg=\"&#xe925;\" class=\"btIcoHolder\"><\/span><\/span><\/div><div class=\"sTxt\"><header class=\"header btClear small\" ><div class=\"dash\"><h4><span class=\"headline\">E\u011e\u0130TSEL OYUNLAR<\/span><\/h4><\/div><div class=\"btSubTitle\">E\u011fitsel oyunlar hem e\u011flence hem de \u00f6\u011frenme f\u0131rsat\u0131 sunar.<\/div><\/header><\/div><\/div><div class=\"btClear btSeparator topSmallSpaced bottomSmallSpaced noBorder\" ><hr><\/div><\/div><\/div><\/div><\/div><div class=\"boldRow \" ><div class=\"boldRowInner\"><div class=\"rowItem col-md-12 col-ms-12  btTextLeft animate animate-fadein inherit\"  data-width=\"12\"><div class=\"rowItemContent\" ><div class=\"btClear btSeparator bottomSemiSpaced border\" ><hr><\/div><\/div><\/div><\/div><\/div><div class=\"boldRow \" ><div class=\"boldRowInner\"><div class=\"rowItem col-md-4 col-ms-12 btTextLeft animate animate-fadein animate-moveup btMiddleVertical\"  data-width=\"4\"><div class=\"rowItemContent\" ><div class=\"bpgPhoto \" ><div class=\"btImage\"><img src=\"http:\/\/crossgymacademy.com\/tr\/wp-content\/uploads\/2020\/03\/yasingoctu.jpg\" alt=\"\" title=\"\"><\/div><\/div><div class=\"btClear btSeparator bottomSemiSpaced noBorder\" ><hr><\/div><\/div><\/div><div class=\"rowItem col-md-8 col-ms-12 btTextLeft animate animate-fadein animate-moveup btMiddleVertical\"  data-width=\"8\"><div class=\"rowItemContent\" ><header class=\"header btClear large  btHeaderAccent4\" ><div class=\"btSuperTitle\"><span>E\u011fitmen<\/span><\/div><div class=\"dash\"><h2><span class=\"headline\">Yasin G\u00f6\u00e7t\u00fc<\/span><\/h2><\/div><\/header><div class=\"btText\" ><div class=\"btSubTitle\">Cross GYM Academy &amp; Kids Merkezleri profesyonel e\u011fitmen kadrosuyla hizmet vermektedir.<\/div>\n<\/div><div class=\"btIconImageRow\" style=\"padding: 1em 0;\"><span class=\"btIco btIcoFilledType btIcoSmallSize btAccent3Icon\"><a href=\"https:\/\/www.instagram.com\/crossgymacademy\/\"  target=\"_blank\" data-ico-fa=\"&#xf16d;\" class=\"btIcoHolder\"><\/a><\/span><span class=\"btIco btIcoFilledType btIcoSmallSize btAccent1Icon\"><a href=\"https:\/\/www.youtube.com\/channel\/UCwWUs4C_NfCTyD42lPUzdiA?view_as=subscriber\"  target=\"_blank\" data-ico-fa=\"&#xf167;\" class=\"btIcoHolder\"><\/a><\/span><span class=\"btIco btIcoFilledType btIcoSmallSize btAccent2Icon\"><a href=\"https:\/\/twitter.com\/KidsKonya\"  target=\"_blank\" data-ico-fa=\"&#xf081;\" class=\"btIcoHolder\"><\/a><\/span><\/div><div class=\"btClear btSeparator bottomSemiSpaced noBorder\" ><hr><\/div><\/div><\/div><\/div><\/div><\/div><\/div><\/div><\/section>","protected":false},"excerpt":{"rendered":"","protected":false},"author":1,"featured_media":5297,"parent":0,"menu_order":0,"comment_status":"closed","ping_status":"closed","template":"","meta":[],"_links":{"self":[{"href":"http:\/\/crossgymacademy.com\/tr\/wp-json\/wp\/v2\/pages\/5250"}],"collection":[{"href":"http:\/\/crossgymacademy.com\/tr\/wp-json\/wp\/v2\/pages"}],"about":[{"href":"http:\/\/crossgymacademy.com\/tr\/wp-json\/wp\/v2\/types\/page"}],"author":[{"embeddable":true,"href":"http:\/\/crossgymacademy.com\/tr\/wp-json\/wp\/v2\/users\/1"}],"replies":[{"embeddable":true,"href":"http:\/\/crossgymacademy.com\/tr\/wp-json\/wp\/v2\/comments?post=5250"}],"version-history":[{"count":4,"href":"http:\/\/crossgymacademy.com\/tr\/wp-json\/wp\/v2\/pages\/5250\/revisions"}],"predecessor-version":[{"id":5298,"href":"http:\/\/crossgymacademy.com\/tr\/wp-json\/wp\/v2\/pages\/5250\/revisions\/5298"}],"wp:featuredmedia":[{"embeddable":true,"href":"http:\/\/crossgymacademy.com\/tr\/wp-json\/wp\/v2\/media\/5297"}],"wp:attachment":[{"href":"http:\/\/crossgymacademy.com\/tr\/wp-json\/wp\/v2\/media?parent=5250"}],"curies":[{"name":"wp","href":"https:\/\/api.w.org\/{rel}","templated":true}]}}