{"id":5318,"date":"2020-03-18T19:37:36","date_gmt":"2020-03-18T16:37:36","guid":{"rendered":"http:\/\/crossgymacademy.com\/tr\/?page_id=5318"},"modified":"2020-03-18T19:41:43","modified_gmt":"2020-03-18T16:41:43","slug":"ems-electro-muscle-stimulation","status":"publish","type":"page","link":"http:\/\/crossgymacademy.com\/tr\/ems-electro-muscle-stimulation\/","title":{"rendered":"EMS &#8211; Electro Muscle Stimulation"},"content":{"rendered":"<section id=\"bt_section69e7337690a8e\"  class=\"boldSection bottomLargeSpaced gutter inherit\" ><div class=\"port\"><div class=\"boldCell\"><div class=\"boldCellInner\"><div class=\"boldRow \" ><div class=\"boldRowInner\"><div class=\"rowItem col-md-12 col-ms-12  btTextLeft animate animate-fadein inherit\"  data-width=\"12\"><div class=\"rowItemContent\" ><header class=\"header btClear extralarge  btHeaderAccent1\" ><div class=\"btSuperTitle\"><span>CROSS GYM ACADEMY &amp; KIDS FAYDALARI<\/span><\/div><div class=\"dash\"><\/div><div class=\"btSubTitle\">Salonumuz 550 m2 alan \u00fczerine kurulu olup tamam\u0131 Technogym ekipmanlara sahiptir. Cross GYM Academy Cardio, egzersiz, Serbest a\u011f\u0131rl\u0131k, Crossfit, Yoga, Pilates, Zumba,kick box,muay thai, box, karete, fitness, v\u00fccut geli\u015ftirme, mat pilates, Reformer, EMS,step-aerobic, PT, tenis,yoga, masaj, antreman takip, \u00f6zel egzersiz program\u0131, \u00f6zel ve grup dersleri ve Spinning gibi \u00e7e\u015fitli grup ve \u00f6zel derslerin yap\u0131ld\u0131\u011f\u0131 programlar bulunmaktad\u0131r.<\/div><\/header><div class=\"btClear btSeparator bottomSemiSpaced border\" ><hr><\/div><\/div><\/div><\/div><\/div><div class=\"boldRow \" ><div class=\"boldRowInner\"><div class=\"rowItem col-md-6 col-sm-12 btTextLeft animate animate-fadein inherit\"  data-width=\"6\"><div class=\"rowItemContent\" ><div class=\"btText\" ><p>A\u00e7\u0131l\u0131m\u0131 Electro Muscle Stimulation olan elektriksel kas uyar\u0131m\u0131, motor sinirleri uyararak kaslarda ekstra kas\u0131lma sa\u011fl\u0131yor.<\/p>\n<p>D\u00fc\u015f\u00fck frekansl\u0131 ak\u0131mlar\u0131n iletilmesini sa\u011flayan elektronik cihazlarla, \u00fczerinde elektrotlar\u0131n yer ald\u0131\u011f\u0131, giyilebilir yelek ve benzeri \u00fcr\u00fcnlerle ger\u00e7ekle\u015ftirilen egzersiz ve antrenman t\u00fcr\u00fc EMS olarak adland\u0131r\u0131l\u0131yor.<\/p>\n<p>T\u00fcm v\u00fccut elektriksel kas uyar\u0131m\u0131 (EMS) ile tedavi edici egzersizlerin uygulanmas\u0131 fizik tedavi alan\u0131nda son y\u0131llar\u0131n en heyecanl\u0131 sonu\u00e7lar\u0131n\u0131n al\u0131nmas\u0131n\u0131 sa\u011fl\u0131yor.<\/p>\n<p>Bir sporcu geleneksel y\u00f6ntemlerle yapt\u0131\u011f\u0131 sporda \u00e7ok fazla efor sarf eder. Ancak bu eforun kar\u015f\u0131l\u0131\u011f\u0131nda kas gruplar\u0131n\u0131n geli\u015fimi olduk\u00e7a yava\u015f olur. Bu sab\u0131r ve disiplin gerektirecek bir durumdur. Bu s\u00fcreci k\u0131saltmak i\u00e7in kullan\u0131lan EMS sistemi ile sporcu k\u0131sa s\u00fcrede istedi\u011fi kas yap\u0131s\u0131na ula\u015fm\u0131\u015f oluyor.<\/p>\n<\/div><div class=\"btClear btSeparator topSemiSpaced noBorder\" ><hr><\/div><\/div><\/div><div class=\"rowItem col-md-6 col-sm-12 btTextLeft animate animate-fadein inherit\"  data-width=\"6\"><div class=\"rowItemContent\" ><div class=\"bpgPhoto \" ><div class=\"btImage\"><img src=\"http:\/\/crossgymacademy.com\/tr\/wp-content\/uploads\/2019\/12\/miha_bodytec_011-640x480.jpg\" alt=\"\" title=\"\"><\/div><\/div><div class=\"btClear btSeparator topSemiSpaced noBorder\" ><hr><\/div><div class=\"btText\" ><p>Sistem, y\u00fczeysel ve derin kaslar\u0131 ayn\u0131 anda \u00e7al\u0131\u015ft\u0131rarak her ya\u015f ve durumda eklemleri koruyup hem kas g\u00fcc\u00fc hem de dayan\u0131kl\u0131l\u0131kta art\u0131\u015f sa\u011fl\u0131yor. Bunun sonucunda hastalarda sadece a\u011fr\u0131 azalmas\u0131 de\u011fil \u00e7eviklik ve dayan\u0131kl\u0131l\u0131kta art\u0131\u015f da meydana geliyor.<\/p>\n<\/div><div class=\"btClear btSeparator topSemiSpaced noBorder\" ><hr><\/div><\/div><\/div><\/div><\/div><div class=\"boldRow \" ><div class=\"boldRowInner\"><div class=\"rowItem col-md-12 col-ms-12  btTextLeft animate animate-fadein inherit\"  data-width=\"12\"><div class=\"rowItemContent\" ><div class=\"btClear btSeparator bottomSemiSpaced border\" ><hr><\/div><\/div><\/div><\/div><\/div><div class=\"boldRow \" ><div class=\"boldRowInner\"><div class=\"rowItem col-md-12 col-ms-12  btTextLeft animate animate-fadein inherit\"  data-width=\"12\"><div class=\"rowItemContent\" ><div class=\"btClear btSeparator topSmallSpaced bottomSmallSpaced noBorder\" ><hr><\/div><div class=\"servicesItem  btServicesAccent2 btIcoLargeSizeIcon \"><div class=\"sIcon\"><span class=\"btIco btIcoLargeSize btIcoDefaultType btAccent2Icon\"><span  data-ico-kg=\"&#xe925;\" class=\"btIcoHolder\"><\/span><\/span><\/div><div class=\"sTxt\"><header class=\"header btClear small\" ><div class=\"dash\"><h4><span class=\"headline\">E\u011e\u0130TSEL OYUNLAR<\/span><\/h4><\/div><div class=\"btSubTitle\">E\u011fitsel oyunlar hem e\u011flence hem de \u00f6\u011frenme f\u0131rsat\u0131 sunar.<\/div><\/header><\/div><\/div><div class=\"btClear btSeparator topSmallSpaced bottomSmallSpaced noBorder\" ><hr><\/div><\/div><\/div><\/div><\/div><div class=\"boldRow \" ><div class=\"boldRowInner\"><div class=\"rowItem col-md-12 col-ms-12  btTextLeft animate animate-fadein inherit\"  data-width=\"12\"><div class=\"rowItemContent\" ><div class=\"btClear btSeparator bottomSemiSpaced border\" ><hr><\/div><\/div><\/div><\/div><\/div><div class=\"boldRow \" ><div class=\"boldRowInner\"><div class=\"rowItem col-md-4 col-ms-12 btTextLeft animate animate-fadein animate-moveup btMiddleVertical\"  data-width=\"4\"><div class=\"rowItemContent\" ><div class=\"bpgPhoto \" ><div class=\"btImage\"><img src=\"http:\/\/crossgymacademy.com\/tr\/wp-content\/uploads\/2020\/03\/yasingoctu.jpg\" alt=\"\" title=\"\"><\/div><\/div><div class=\"btClear btSeparator bottomSemiSpaced noBorder\" ><hr><\/div><\/div><\/div><div class=\"rowItem col-md-8 col-ms-12 btTextLeft animate animate-fadein animate-moveup btMiddleVertical\"  data-width=\"8\"><div class=\"rowItemContent\" ><header class=\"header btClear large  btHeaderAccent4\" ><div class=\"btSuperTitle\"><span>E\u011fitmen<\/span><\/div><div class=\"dash\"><h2><span class=\"headline\">Yasin G\u00f6\u00e7t\u00fc<\/span><\/h2><\/div><\/header><div class=\"btText\" ><div class=\"btSubTitle\">Cross GYM Academy &amp; Kids Merkezleri profesyonel e\u011fitmen kadrosuyla hizmet vermektedir.<\/div>\n<\/div><div class=\"btIconImageRow\" style=\"padding: 1em 0;\"><span class=\"btIco btIcoFilledType btIcoSmallSize btAccent3Icon\"><a href=\"https:\/\/www.instagram.com\/crossgymacademy\/\"  target=\"_blank\" data-ico-fa=\"&#xf16d;\" class=\"btIcoHolder\"><\/a><\/span><span class=\"btIco btIcoFilledType btIcoSmallSize btAccent1Icon\"><a href=\"https:\/\/www.youtube.com\/channel\/UCwWUs4C_NfCTyD42lPUzdiA?view_as=subscriber\"  target=\"_blank\" data-ico-fa=\"&#xf167;\" class=\"btIcoHolder\"><\/a><\/span><span class=\"btIco btIcoFilledType btIcoSmallSize btAccent2Icon\"><a href=\"https:\/\/twitter.com\/KidsKonya\"  target=\"_blank\" data-ico-fa=\"&#xf081;\" class=\"btIcoHolder\"><\/a><\/span><\/div><div class=\"btClear btSeparator bottomSemiSpaced noBorder\" ><hr><\/div><\/div><\/div><\/div><\/div><\/div><\/div><\/div><\/section>","protected":false},"excerpt":{"rendered":"","protected":false},"author":1,"featured_media":5131,"parent":0,"menu_order":0,"comment_status":"closed","ping_status":"closed","template":"","meta":[],"_links":{"self":[{"href":"http:\/\/crossgymacademy.com\/tr\/wp-json\/wp\/v2\/pages\/5318"}],"collection":[{"href":"http:\/\/crossgymacademy.com\/tr\/wp-json\/wp\/v2\/pages"}],"about":[{"href":"http:\/\/crossgymacademy.com\/tr\/wp-json\/wp\/v2\/types\/page"}],"author":[{"embeddable":true,"href":"http:\/\/crossgymacademy.com\/tr\/wp-json\/wp\/v2\/users\/1"}],"replies":[{"embeddable":true,"href":"http:\/\/crossgymacademy.com\/tr\/wp-json\/wp\/v2\/comments?post=5318"}],"version-history":[{"count":4,"href":"http:\/\/crossgymacademy.com\/tr\/wp-json\/wp\/v2\/pages\/5318\/revisions"}],"predecessor-version":[{"id":5322,"href":"http:\/\/crossgymacademy.com\/tr\/wp-json\/wp\/v2\/pages\/5318\/revisions\/5322"}],"wp:featuredmedia":[{"embeddable":true,"href":"http:\/\/crossgymacademy.com\/tr\/wp-json\/wp\/v2\/media\/5131"}],"wp:attachment":[{"href":"http:\/\/crossgymacademy.com\/tr\/wp-json\/wp\/v2\/media?parent=5318"}],"curies":[{"name":"wp","href":"https:\/\/api.w.org\/{rel}","templated":true}]}}