{"id":5331,"date":"2020-03-18T20:25:10","date_gmt":"2020-03-18T17:25:10","guid":{"rendered":"http:\/\/crossgymacademy.com\/tr\/?page_id=5331"},"modified":"2020-09-15T21:40:40","modified_gmt":"2020-09-15T18:40:40","slug":"tenis","status":"publish","type":"page","link":"http:\/\/crossgymacademy.com\/tr\/tenis\/","title":{"rendered":"Tenis"},"content":{"rendered":"<section id=\"bt_section69e75aa28c41e\"  class=\"boldSection bottomLargeSpaced gutter inherit\" ><div class=\"port\"><div class=\"boldCell\"><div class=\"boldCellInner\"><div class=\"boldRow \" ><div class=\"boldRowInner\"><div class=\"rowItem col-md-12 col-ms-12  btTextLeft animate animate-fadein inherit\"  data-width=\"12\"><div class=\"rowItemContent\" ><header class=\"header btClear extralarge  btHeaderAccent1\" ><div class=\"btSuperTitle\"><span>CROSS GYM ACADEMY &amp; KIDS FAYDALARI<\/span><\/div><div class=\"dash\"><\/div><div class=\"btSubTitle\">Salonumuz 550 m2 alan \u00fczerine kurulu olup tamam\u0131 Technogym ekipmanlara sahiptir. Cross GYM Academy Cardio, egzersiz, Serbest a\u011f\u0131rl\u0131k, Crossfit, Yoga, Pilates, Zumba,kick box,muay thai, box, karete, fitness, v\u00fccut geli\u015ftirme, mat pilates, Reformer, EMS,step-aerobic, PT, tenis,yoga, masaj, antreman takip, \u00f6zel egzersiz program\u0131, \u00f6zel ve grup dersleri ve Spinning gibi \u00e7e\u015fitli grup ve \u00f6zel derslerin yap\u0131ld\u0131\u011f\u0131 programlar bulunmaktad\u0131r.<\/div><\/header><div class=\"btClear btSeparator bottomSemiSpaced border\" ><hr><\/div><\/div><\/div><\/div><\/div><div class=\"boldRow \" ><div class=\"boldRowInner\"><div class=\"rowItem col-md-6 col-sm-12 btTextLeft animate animate-fadein inherit\"  data-width=\"6\"><div class=\"rowItemContent\" ><div class=\"btText\" ><p>\u00c7ocukluk \u00e7a\u011f\u0131nda b\u00fcy\u00fcme ve geli\u015fme nispeten sabit iken, bu d\u00f6nemde motor geli\u015fim olduk\u00e7a h\u0131zl\u0131d\u0131r ve puberteden itibaren k\u0131z ve erkeler aras\u0131ndaki fark artar. D\u00fczenli yo\u011fun fiziksel aktivite \u00e7ocu\u011fun b\u00fcy\u00fcmesini etkilemez.<\/p>\n<p>\u015e\u00fcphesiz ki tenis zihinsel ve fiziksel olarak \u00e7ocu\u011fu olumlu etkiler. D\u00fczenli tenis oynamak \u00e7ocu\u011fun fiziksel ve psikolojik sa\u011fl\u0131\u011f\u0131na tahmin edilenden daha \u00e7ok katk\u0131 sa\u011flar.<\/p>\n<p>Bu katk\u0131lar daha \u00e7ok \u00e7ocu\u011fun fiziksel, duygusal ve zihinsel geli\u015fiminde ortaya \u00e7\u0131kar.<\/p>\n<p>Tenis enerji seviyenizi artt\u0131rarak v\u00fccut koordinayonunuzu geli\u015ftirebilirsiniz. Ayn\u0131 zamanda tenis oynamak size y\u0131lmamay\u0131 ve m\u00fccadele etmeyi \u00f6\u011fretti\u011fi gibi tenis oyununun getirdi\u011fi fiziksel, zihinsel ve duygusal stres size di\u011fer ortamlarda stresle nas\u0131l ba\u015fa \u00e7\u0131kaca\u011f\u0131n\u0131z\u0131 \u00f6\u011fretir.<\/p>\n<\/div><div class=\"btClear btSeparator topSemiSpaced noBorder\" ><hr><\/div><\/div><\/div><div class=\"rowItem col-md-6 col-sm-12 btTextLeft animate animate-fadein inherit\"  data-width=\"6\"><div class=\"rowItemContent\" ><div class=\"bpgPhoto \" ><div class=\"btImage\"><img src=\"http:\/\/crossgymacademy.com\/tr\/wp-content\/uploads\/2020\/09\/20200826_55126876-3376-437e-957b-73c660c5ea87-640x480.jpg\" alt=\"\" title=\"\"><\/div><\/div><div class=\"btClear btSeparator topSemiSpaced noBorder\" ><hr><\/div><\/div><\/div><\/div><\/div><div class=\"boldRow \" ><div class=\"boldRowInner\"><div class=\"rowItem col-md-12 col-ms-12  btTextLeft animate animate-fadein inherit\"  data-width=\"12\"><div class=\"rowItemContent\" ><div class=\"btClear btSeparator bottomSemiSpaced border\" ><hr><\/div><\/div><\/div><\/div><\/div><div class=\"boldRow \" ><div class=\"boldRowInner\"><div class=\"rowItem col-md-12 col-ms-12  btTextLeft\"  data-width=\"12\"><div class=\"rowItemContent\" ><div class=\"tilesWall btGridGallery tiled  btGridGap-0 lightbox\" data-col=\"5\"><div class=\"gridSizer\"><\/div><div class=\"gridItem btGhostSliderThumb bt11\" data-order-num=\"-1\"><div class=\"btTileBox\"><div class=\"bpgPhoto \" > \n\t\t\t\t\t<a href=\"http:\/\/crossgymacademy.com\/tr\/wp-content\/uploads\/2020\/09\/20200826_55126876-3376-437e-957b-73c660c5ea87.jpg\" class=\"lightbox\" data-title=\"Tenis\"><\/a>\n\t\t\t\t\t<div class=\"boldPhotoBox\"><div class=\"bpbItem\"><div class=\"btImage\"><img src=\"http:\/\/crossgymacademy.com\/tr\/wp-content\/uploads\/2020\/09\/20200826_55126876-3376-437e-957b-73c660c5ea87-640x640.jpg\" alt=\"\" title=\"Tenis\"><\/div><\/div><\/div>\n\t\t\t\t\t<div class=\"captionPane btDarkSkin btTextCenter\">\n\t\t\t\t\t\t<div class=\"captionTable\">\n\t\t\t\t\t\t\t<div class=\"captionCell\">\n\t\t\t\t\t\t\t\t<div class=\"captionTxt\"><header class=\"header btClear extrasmall\" ><div class=\"dash\"><h4><span class=\"headline\">Tenis<\/span><\/h4><\/div><\/header><\/div>\n\t\t\t\t\t\t\t<\/div>\n\t\t\t\t\t\t<\/div>\n\t\t\t\t\t<\/div><\/div><\/div><\/div><div class=\"gridItem btGhostSliderThumb bt11\" data-order-num=\"0\"><div class=\"btTileBox\"><div class=\"bpgPhoto \" > \n\t\t\t\t\t<a href=\"http:\/\/crossgymacademy.com\/tr\/wp-content\/uploads\/2020\/09\/20200826_9ff49f5a-e28b-428e-afda-9ff128251e83.jpg\" class=\"lightbox\" data-title=\"Tenis\"><\/a>\n\t\t\t\t\t<div class=\"boldPhotoBox\"><div class=\"bpbItem\"><div class=\"btImage\"><img src=\"http:\/\/crossgymacademy.com\/tr\/wp-content\/uploads\/2020\/09\/20200826_9ff49f5a-e28b-428e-afda-9ff128251e83-640x640.jpg\" alt=\"\" title=\"Tenis\"><\/div><\/div><\/div>\n\t\t\t\t\t<div class=\"captionPane btDarkSkin btTextCenter\">\n\t\t\t\t\t\t<div class=\"captionTable\">\n\t\t\t\t\t\t\t<div class=\"captionCell\">\n\t\t\t\t\t\t\t\t<div class=\"captionTxt\"><header class=\"header btClear extrasmall\" ><div class=\"dash\"><h4><span class=\"headline\">Tenis<\/span><\/h4><\/div><\/header><\/div>\n\t\t\t\t\t\t\t<\/div>\n\t\t\t\t\t\t<\/div>\n\t\t\t\t\t<\/div><\/div><\/div><\/div><div class=\"gridItem btGhostSliderThumb bt11\" data-order-num=\"1\"><div class=\"btTileBox\"><div class=\"bpgPhoto \" > \n\t\t\t\t\t<a href=\"http:\/\/crossgymacademy.com\/tr\/wp-content\/uploads\/2020\/09\/20200826_24bff130-a088-44ac-9d96-502df6d76e2a.jpg\" class=\"lightbox\" data-title=\"Tenis\"><\/a>\n\t\t\t\t\t<div class=\"boldPhotoBox\"><div class=\"bpbItem\"><div class=\"btImage\"><img src=\"http:\/\/crossgymacademy.com\/tr\/wp-content\/uploads\/2020\/09\/20200826_24bff130-a088-44ac-9d96-502df6d76e2a-640x640.jpg\" alt=\"\" title=\"Tenis\"><\/div><\/div><\/div>\n\t\t\t\t\t<div class=\"captionPane btDarkSkin btTextCenter\">\n\t\t\t\t\t\t<div class=\"captionTable\">\n\t\t\t\t\t\t\t<div class=\"captionCell\">\n\t\t\t\t\t\t\t\t<div class=\"captionTxt\"><header class=\"header btClear extrasmall\" ><div class=\"dash\"><h4><span class=\"headline\">Tenis<\/span><\/h4><\/div><\/header><\/div>\n\t\t\t\t\t\t\t<\/div>\n\t\t\t\t\t\t<\/div>\n\t\t\t\t\t<\/div><\/div><\/div><\/div><div class=\"gridItem btGhostSliderThumb bt11\" data-order-num=\"2\"><div class=\"btTileBox\"><div class=\"bpgPhoto \" > \n\t\t\t\t\t<a href=\"http:\/\/crossgymacademy.com\/tr\/wp-content\/uploads\/2020\/09\/20200826_277f3b84-1feb-46bc-8169-9b4a42e19745.jpg\" class=\"lightbox\" data-title=\"Tenis\"><\/a>\n\t\t\t\t\t<div class=\"boldPhotoBox\"><div class=\"bpbItem\"><div class=\"btImage\"><img src=\"http:\/\/crossgymacademy.com\/tr\/wp-content\/uploads\/2020\/09\/20200826_277f3b84-1feb-46bc-8169-9b4a42e19745-640x640.jpg\" alt=\"\" title=\"Tenis\"><\/div><\/div><\/div>\n\t\t\t\t\t<div class=\"captionPane btDarkSkin btTextCenter\">\n\t\t\t\t\t\t<div class=\"captionTable\">\n\t\t\t\t\t\t\t<div class=\"captionCell\">\n\t\t\t\t\t\t\t\t<div class=\"captionTxt\"><header class=\"header btClear extrasmall\" ><div class=\"dash\"><h4><span class=\"headline\">Tenis<\/span><\/h4><\/div><\/header><\/div>\n\t\t\t\t\t\t\t<\/div>\n\t\t\t\t\t\t<\/div>\n\t\t\t\t\t<\/div><\/div><\/div><\/div><div class=\"gridItem btGhostSliderThumb bt11\" data-order-num=\"3\"><div class=\"btTileBox\"><div class=\"bpgPhoto \" > \n\t\t\t\t\t<a href=\"http:\/\/crossgymacademy.com\/tr\/wp-content\/uploads\/2020\/09\/20200826_b121af05-db10-423f-8005-b0660aa96b00.jpg\" class=\"lightbox\" data-title=\"Tenis\"><\/a>\n\t\t\t\t\t<div class=\"boldPhotoBox\"><div class=\"bpbItem\"><div class=\"btImage\"><img src=\"http:\/\/crossgymacademy.com\/tr\/wp-content\/uploads\/2020\/09\/20200826_b121af05-db10-423f-8005-b0660aa96b00-640x640.jpg\" alt=\"\" title=\"Tenis\"><\/div><\/div><\/div>\n\t\t\t\t\t<div class=\"captionPane btDarkSkin btTextCenter\">\n\t\t\t\t\t\t<div class=\"captionTable\">\n\t\t\t\t\t\t\t<div class=\"captionCell\">\n\t\t\t\t\t\t\t\t<div class=\"captionTxt\"><header class=\"header btClear extrasmall\" ><div class=\"dash\"><h4><span class=\"headline\">Tenis<\/span><\/h4><\/div><\/header><\/div>\n\t\t\t\t\t\t\t<\/div>\n\t\t\t\t\t\t<\/div>\n\t\t\t\t\t<\/div><\/div><\/div><\/div><\/div><\/div><\/div><\/div><\/div><div class=\"boldRow \" ><div class=\"boldRowInner\"><div class=\"rowItem col-md-12 col-ms-12  btTextLeft animate animate-fadein inherit\"  data-width=\"12\"><div class=\"rowItemContent\" ><div class=\"btClear btSeparator topSmallSpaced bottomSmallSpaced noBorder\" ><hr><\/div><div class=\"servicesItem  btServicesAccent2 btIcoLargeSizeIcon \"><div class=\"sIcon\"><span class=\"btIco btIcoLargeSize btIcoDefaultType btAccent2Icon\"><span  data-ico-kg=\"&#xe925;\" class=\"btIcoHolder\"><\/span><\/span><\/div><div class=\"sTxt\"><header class=\"header btClear small\" ><div class=\"dash\"><h4><span class=\"headline\">E\u011e\u0130TSEL OYUNLAR<\/span><\/h4><\/div><div class=\"btSubTitle\">E\u011fitsel oyunlar hem e\u011flence hem de \u00f6\u011frenme f\u0131rsat\u0131 sunar.<\/div><\/header><\/div><\/div><div class=\"btClear btSeparator topSmallSpaced bottomSmallSpaced noBorder\" ><hr><\/div><\/div><\/div><\/div><\/div><div class=\"boldRow \" ><div class=\"boldRowInner\"><div class=\"rowItem col-md-12 col-ms-12  btTextLeft animate animate-fadein inherit\"  data-width=\"12\"><div class=\"rowItemContent\" ><div class=\"btClear btSeparator bottomSemiSpaced border\" ><hr><\/div><\/div><\/div><\/div><\/div><div class=\"boldRow \" ><div class=\"boldRowInner\"><div class=\"rowItem col-md-4 col-ms-12 btTextLeft animate animate-fadein animate-moveup btMiddleVertical\"  data-width=\"4\"><div class=\"rowItemContent\" ><div class=\"bpgPhoto \" ><div class=\"btImage\"><img src=\"http:\/\/crossgymacademy.com\/tr\/wp-content\/uploads\/2020\/03\/yasingoctu.jpg\" alt=\"\" title=\"\"><\/div><\/div><div class=\"btClear btSeparator bottomSemiSpaced noBorder\" ><hr><\/div><\/div><\/div><div class=\"rowItem col-md-8 col-ms-12 btTextLeft animate animate-fadein animate-moveup btMiddleVertical\"  data-width=\"8\"><div class=\"rowItemContent\" ><header class=\"header btClear large  btHeaderAccent4\" ><div class=\"btSuperTitle\"><span>E\u011fitmen<\/span><\/div><div class=\"dash\"><h2><span class=\"headline\">Yasin G\u00f6\u00e7t\u00fc<\/span><\/h2><\/div><\/header><div class=\"btText\" ><div class=\"btSubTitle\">Cross GYM Academy &amp; Kids Merkezleri profesyonel e\u011fitmen kadrosuyla hizmet vermektedir.<\/div>\n<\/div><div class=\"btIconImageRow\" style=\"padding: 1em 0;\"><span class=\"btIco btIcoFilledType btIcoSmallSize btAccent3Icon\"><a href=\"https:\/\/www.instagram.com\/crossgymacademy\/\"  target=\"_blank\" data-ico-fa=\"&#xf16d;\" class=\"btIcoHolder\"><\/a><\/span><span class=\"btIco btIcoFilledType btIcoSmallSize btAccent1Icon\"><a href=\"https:\/\/www.youtube.com\/channel\/UCwWUs4C_NfCTyD42lPUzdiA?view_as=subscriber\"  target=\"_blank\" data-ico-fa=\"&#xf167;\" class=\"btIcoHolder\"><\/a><\/span><span class=\"btIco btIcoFilledType btIcoSmallSize btAccent2Icon\"><a href=\"https:\/\/twitter.com\/KidsKonya\"  target=\"_blank\" data-ico-fa=\"&#xf081;\" class=\"btIcoHolder\"><\/a><\/span><\/div><div class=\"btClear btSeparator bottomSemiSpaced noBorder\" ><hr><\/div><\/div><\/div><\/div><\/div><\/div><\/div><\/div><\/section>","protected":false},"excerpt":{"rendered":"","protected":false},"author":1,"featured_media":5332,"parent":0,"menu_order":0,"comment_status":"closed","ping_status":"closed","template":"","meta":[],"_links":{"self":[{"href":"http:\/\/crossgymacademy.com\/tr\/wp-json\/wp\/v2\/pages\/5331"}],"collection":[{"href":"http:\/\/crossgymacademy.com\/tr\/wp-json\/wp\/v2\/pages"}],"about":[{"href":"http:\/\/crossgymacademy.com\/tr\/wp-json\/wp\/v2\/types\/page"}],"author":[{"embeddable":true,"href":"http:\/\/crossgymacademy.com\/tr\/wp-json\/wp\/v2\/users\/1"}],"replies":[{"embeddable":true,"href":"http:\/\/crossgymacademy.com\/tr\/wp-json\/wp\/v2\/comments?post=5331"}],"version-history":[{"count":5,"href":"http:\/\/crossgymacademy.com\/tr\/wp-json\/wp\/v2\/pages\/5331\/revisions"}],"predecessor-version":[{"id":5566,"href":"http:\/\/crossgymacademy.com\/tr\/wp-json\/wp\/v2\/pages\/5331\/revisions\/5566"}],"wp:featuredmedia":[{"embeddable":true,"href":"http:\/\/crossgymacademy.com\/tr\/wp-json\/wp\/v2\/media\/5332"}],"wp:attachment":[{"href":"http:\/\/crossgymacademy.com\/tr\/wp-json\/wp\/v2\/media?parent=5331"}],"curies":[{"name":"wp","href":"https:\/\/api.w.org\/{rel}","templated":true}]}}